{"id":49,"date":"2025-08-20T21:37:40","date_gmt":"2025-08-21T01:37:40","guid":{"rendered":"https:\/\/site1745779025.mywhc.ca\/bbq_death_fest\/?page_id=49"},"modified":"2026-01-23T17:15:17","modified_gmt":"2026-01-23T22:15:17","slug":"a-venir","status":"publish","type":"page","link":"https:\/\/staging.qcdm.net\/","title":{"rendered":"Pr\u00e9sentation des \u00e9v\u00e9nements"},"content":{"rendered":"\n<h2 class=\"wp-block-heading\">Retour sur le QCDM BBQ VI<\/h2>\n\n\n\n<div class=\"wp-block-responsive-block-editor-addons-image-slider wp-block-responsive-block-editor-addons-image-slider responsive-block-editor-addons-block-image-slider block-458163fc-3969-4e32-8827-7681946798fc\"><div class=\"alignundefined block-id-undefined is-cropped responsive-block-editor-addons-gallery has-no-alignment has-caption-style-dark has-horizontal-gutter\"><div class=\"has-carousel has-carousel-lrg has-margin-bottom-10\" style=\"height:400px\" data-flickity=\"{&quot;autoPlay&quot;:3000,&quot;draggable&quot;:true,&quot;pageDots&quot;:false,&quot;prevNextButtons&quot;:false,&quot;wrapAround&quot;:true,&quot;cellAlign&quot;:&quot;center&quot;,&quot;pauseAutoPlayOnHover&quot;:true,&quot;freeScroll&quot;:false,&quot;arrowShape&quot;:{&quot;x0&quot;:10,&quot;x1&quot;:60,&quot;y1&quot;:50,&quot;x2&quot;:65,&quot;y2&quot;:45,&quot;x3&quot;:20},&quot;thumbnails&quot;:true,&quot;responsiveHeight&quot;:false}\"><div class=\"responsive-block-editor-addons-gallery--item\"><figure class=\"responsive-block-editor-addons-gallery--figure has-margin-left-10 has-margin-right-10\"><img loading=\"lazy\" decoding=\"async\" width=\"1024\" height=\"683\" src=\"https:\/\/staging.qcdm.net\/wp-content\/uploads\/2025\/09\/QCDM_Merci-1024x683.jpg\" alt=\"\" data-id=\"161\" data-link=\"https:\/\/staging.qcdm.net\/qcdm_merci\/\" class=\"wp-image-161\" srcset=\"https:\/\/staging.qcdm.net\/wp-content\/uploads\/2025\/09\/QCDM_Merci-1024x683.jpg 1024w, https:\/\/staging.qcdm.net\/wp-content\/uploads\/2025\/09\/QCDM_Merci-300x200.jpg 300w, https:\/\/staging.qcdm.net\/wp-content\/uploads\/2025\/09\/QCDM_Merci-768x512.jpg 768w, https:\/\/staging.qcdm.net\/wp-content\/uploads\/2025\/09\/QCDM_Merci-1536x1024.jpg 1536w, https:\/\/staging.qcdm.net\/wp-content\/uploads\/2025\/09\/QCDM_Merci-100x67.jpg 100w, https:\/\/staging.qcdm.net\/wp-content\/uploads\/2025\/09\/QCDM_Merci-150x100.jpg 150w, https:\/\/staging.qcdm.net\/wp-content\/uploads\/2025\/09\/QCDM_Merci-200x133.jpg 200w, https:\/\/staging.qcdm.net\/wp-content\/uploads\/2025\/09\/QCDM_Merci-450x300.jpg 450w, https:\/\/staging.qcdm.net\/wp-content\/uploads\/2025\/09\/QCDM_Merci-600x400.jpg 600w, https:\/\/staging.qcdm.net\/wp-content\/uploads\/2025\/09\/QCDM_Merci-900x600.jpg 900w, https:\/\/staging.qcdm.net\/wp-content\/uploads\/2025\/09\/QCDM_Merci.jpg 2048w\" sizes=\"auto, (max-width: 1024px) 100vw, 1024px\" \/><\/figure><\/div><div class=\"responsive-block-editor-addons-gallery--item\"><figure class=\"responsive-block-editor-addons-gallery--figure has-margin-left-10 has-margin-right-10\"><img loading=\"lazy\" decoding=\"async\" width=\"1024\" height=\"683\" src=\"https:\/\/staging.qcdm.net\/wp-content\/uploads\/2025\/09\/QCDM_Cook-1024x683.jpg\" alt=\"\" data-id=\"160\" data-link=\"https:\/\/staging.qcdm.net\/qcdm_cook\/\" class=\"wp-image-160\" srcset=\"https:\/\/staging.qcdm.net\/wp-content\/uploads\/2025\/09\/QCDM_Cook-1024x683.jpg 1024w, https:\/\/staging.qcdm.net\/wp-content\/uploads\/2025\/09\/QCDM_Cook-300x200.jpg 300w, https:\/\/staging.qcdm.net\/wp-content\/uploads\/2025\/09\/QCDM_Cook-768x512.jpg 768w, https:\/\/staging.qcdm.net\/wp-content\/uploads\/2025\/09\/QCDM_Cook-1536x1024.jpg 1536w, https:\/\/staging.qcdm.net\/wp-content\/uploads\/2025\/09\/QCDM_Cook-100x67.jpg 100w, https:\/\/staging.qcdm.net\/wp-content\/uploads\/2025\/09\/QCDM_Cook-150x100.jpg 150w, https:\/\/staging.qcdm.net\/wp-content\/uploads\/2025\/09\/QCDM_Cook-200x133.jpg 200w, https:\/\/staging.qcdm.net\/wp-content\/uploads\/2025\/09\/QCDM_Cook-450x300.jpg 450w, https:\/\/staging.qcdm.net\/wp-content\/uploads\/2025\/09\/QCDM_Cook-600x400.jpg 600w, https:\/\/staging.qcdm.net\/wp-content\/uploads\/2025\/09\/QCDM_Cook-900x600.jpg 900w, https:\/\/staging.qcdm.net\/wp-content\/uploads\/2025\/09\/QCDM_Cook.jpg 2048w\" sizes=\"auto, (max-width: 1024px) 100vw, 1024px\" \/><\/figure><\/div><div class=\"responsive-block-editor-addons-gallery--item\"><figure class=\"responsive-block-editor-addons-gallery--figure has-margin-left-10 has-margin-right-10\"><img loading=\"lazy\" decoding=\"async\" width=\"1024\" height=\"683\" src=\"https:\/\/staging.qcdm.net\/wp-content\/uploads\/2025\/09\/QCDM_Singer-1024x683.jpg\" alt=\"\" data-id=\"159\" data-link=\"https:\/\/staging.qcdm.net\/qcdm_singer\/\" class=\"wp-image-159\" srcset=\"https:\/\/staging.qcdm.net\/wp-content\/uploads\/2025\/09\/QCDM_Singer-1024x683.jpg 1024w, https:\/\/staging.qcdm.net\/wp-content\/uploads\/2025\/09\/QCDM_Singer-300x200.jpg 300w, https:\/\/staging.qcdm.net\/wp-content\/uploads\/2025\/09\/QCDM_Singer-768x512.jpg 768w, https:\/\/staging.qcdm.net\/wp-content\/uploads\/2025\/09\/QCDM_Singer-1536x1024.jpg 1536w, https:\/\/staging.qcdm.net\/wp-content\/uploads\/2025\/09\/QCDM_Singer-100x67.jpg 100w, https:\/\/staging.qcdm.net\/wp-content\/uploads\/2025\/09\/QCDM_Singer-150x100.jpg 150w, https:\/\/staging.qcdm.net\/wp-content\/uploads\/2025\/09\/QCDM_Singer-200x133.jpg 200w, https:\/\/staging.qcdm.net\/wp-content\/uploads\/2025\/09\/QCDM_Singer-450x300.jpg 450w, https:\/\/staging.qcdm.net\/wp-content\/uploads\/2025\/09\/QCDM_Singer-600x400.jpg 600w, https:\/\/staging.qcdm.net\/wp-content\/uploads\/2025\/09\/QCDM_Singer-900x600.jpg 900w, https:\/\/staging.qcdm.net\/wp-content\/uploads\/2025\/09\/QCDM_Singer.jpg 2048w\" sizes=\"auto, (max-width: 1024px) 100vw, 1024px\" \/><\/figure><\/div><div class=\"responsive-block-editor-addons-gallery--item\"><figure class=\"responsive-block-editor-addons-gallery--figure has-margin-left-10 has-margin-right-10\"><img loading=\"lazy\" decoding=\"async\" width=\"1024\" height=\"683\" src=\"https:\/\/staging.qcdm.net\/wp-content\/uploads\/2025\/09\/QCDM_Live-1024x683.jpg\" alt=\"\" data-id=\"296\" data-link=\"https:\/\/staging.qcdm.net\/index.php\/a-venir\/qcdm_live\/\" class=\"wp-image-296\" srcset=\"https:\/\/staging.qcdm.net\/wp-content\/uploads\/2025\/09\/QCDM_Live-1024x683.jpg 1024w, https:\/\/staging.qcdm.net\/wp-content\/uploads\/2025\/09\/QCDM_Live-300x200.jpg 300w, https:\/\/staging.qcdm.net\/wp-content\/uploads\/2025\/09\/QCDM_Live-768x512.jpg 768w, https:\/\/staging.qcdm.net\/wp-content\/uploads\/2025\/09\/QCDM_Live-1536x1024.jpg 1536w, https:\/\/staging.qcdm.net\/wp-content\/uploads\/2025\/09\/QCDM_Live-100x67.jpg 100w, https:\/\/staging.qcdm.net\/wp-content\/uploads\/2025\/09\/QCDM_Live-150x100.jpg 150w, https:\/\/staging.qcdm.net\/wp-content\/uploads\/2025\/09\/QCDM_Live-200x133.jpg 200w, https:\/\/staging.qcdm.net\/wp-content\/uploads\/2025\/09\/QCDM_Live-450x300.jpg 450w, https:\/\/staging.qcdm.net\/wp-content\/uploads\/2025\/09\/QCDM_Live-600x400.jpg 600w, https:\/\/staging.qcdm.net\/wp-content\/uploads\/2025\/09\/QCDM_Live-900x600.jpg 900w, https:\/\/staging.qcdm.net\/wp-content\/uploads\/2025\/09\/QCDM_Live.jpg 2048w\" sizes=\"auto, (max-width: 1024px) 100vw, 1024px\" \/><\/figure><\/div><div class=\"responsive-block-editor-addons-gallery--item\"><figure class=\"responsive-block-editor-addons-gallery--figure has-margin-left-10 has-margin-right-10\"><img loading=\"lazy\" decoding=\"async\" width=\"1024\" height=\"683\" src=\"https:\/\/staging.qcdm.net\/wp-content\/uploads\/2025\/09\/QCDM_Singer1-1024x683.jpg\" alt=\"\" data-id=\"158\" data-link=\"https:\/\/staging.qcdm.net\/qcdm_singer1\/\" class=\"wp-image-158\" srcset=\"https:\/\/staging.qcdm.net\/wp-content\/uploads\/2025\/09\/QCDM_Singer1-1024x683.jpg 1024w, https:\/\/staging.qcdm.net\/wp-content\/uploads\/2025\/09\/QCDM_Singer1-300x200.jpg 300w, https:\/\/staging.qcdm.net\/wp-content\/uploads\/2025\/09\/QCDM_Singer1-768x512.jpg 768w, https:\/\/staging.qcdm.net\/wp-content\/uploads\/2025\/09\/QCDM_Singer1-1536x1024.jpg 1536w, https:\/\/staging.qcdm.net\/wp-content\/uploads\/2025\/09\/QCDM_Singer1-100x67.jpg 100w, https:\/\/staging.qcdm.net\/wp-content\/uploads\/2025\/09\/QCDM_Singer1-150x100.jpg 150w, https:\/\/staging.qcdm.net\/wp-content\/uploads\/2025\/09\/QCDM_Singer1-200x133.jpg 200w, https:\/\/staging.qcdm.net\/wp-content\/uploads\/2025\/09\/QCDM_Singer1-450x300.jpg 450w, https:\/\/staging.qcdm.net\/wp-content\/uploads\/2025\/09\/QCDM_Singer1-600x400.jpg 600w, https:\/\/staging.qcdm.net\/wp-content\/uploads\/2025\/09\/QCDM_Singer1-900x600.jpg 900w, https:\/\/staging.qcdm.net\/wp-content\/uploads\/2025\/09\/QCDM_Singer1.jpg 2048w\" sizes=\"auto, (max-width: 1024px) 100vw, 1024px\" \/><\/figure><\/div><div class=\"responsive-block-editor-addons-gallery--item\"><figure class=\"responsive-block-editor-addons-gallery--figure has-margin-left-10 has-margin-right-10\"><img loading=\"lazy\" decoding=\"async\" width=\"1024\" height=\"683\" src=\"https:\/\/staging.qcdm.net\/wp-content\/uploads\/2025\/09\/QCDM_Show-1024x683.jpg\" alt=\"\" data-id=\"157\" data-link=\"https:\/\/staging.qcdm.net\/qcdm_show\/\" class=\"wp-image-157\" srcset=\"https:\/\/staging.qcdm.net\/wp-content\/uploads\/2025\/09\/QCDM_Show-1024x683.jpg 1024w, https:\/\/staging.qcdm.net\/wp-content\/uploads\/2025\/09\/QCDM_Show-300x200.jpg 300w, https:\/\/staging.qcdm.net\/wp-content\/uploads\/2025\/09\/QCDM_Show-768x512.jpg 768w, https:\/\/staging.qcdm.net\/wp-content\/uploads\/2025\/09\/QCDM_Show-1536x1024.jpg 1536w, https:\/\/staging.qcdm.net\/wp-content\/uploads\/2025\/09\/QCDM_Show-100x67.jpg 100w, https:\/\/staging.qcdm.net\/wp-content\/uploads\/2025\/09\/QCDM_Show-150x100.jpg 150w, https:\/\/staging.qcdm.net\/wp-content\/uploads\/2025\/09\/QCDM_Show-200x133.jpg 200w, https:\/\/staging.qcdm.net\/wp-content\/uploads\/2025\/09\/QCDM_Show-450x300.jpg 450w, https:\/\/staging.qcdm.net\/wp-content\/uploads\/2025\/09\/QCDM_Show-600x400.jpg 600w, https:\/\/staging.qcdm.net\/wp-content\/uploads\/2025\/09\/QCDM_Show-900x600.jpg 900w, https:\/\/staging.qcdm.net\/wp-content\/uploads\/2025\/09\/QCDM_Show.jpg 2048w\" sizes=\"auto, (max-width: 1024px) 100vw, 1024px\" \/><\/figure><\/div><div class=\"responsive-block-editor-addons-gallery--item\"><figure class=\"responsive-block-editor-addons-gallery--figure has-margin-left-10 has-margin-right-10\"><img loading=\"lazy\" decoding=\"async\" width=\"1024\" height=\"683\" src=\"https:\/\/staging.qcdm.net\/wp-content\/uploads\/2025\/09\/WCDM_Group-1024x683.jpg\" alt=\"\" data-id=\"297\" data-link=\"https:\/\/staging.qcdm.net\/index.php\/a-venir\/wcdm_group\/\" class=\"wp-image-297\" srcset=\"https:\/\/staging.qcdm.net\/wp-content\/uploads\/2025\/09\/WCDM_Group-1024x683.jpg 1024w, https:\/\/staging.qcdm.net\/wp-content\/uploads\/2025\/09\/WCDM_Group-300x200.jpg 300w, https:\/\/staging.qcdm.net\/wp-content\/uploads\/2025\/09\/WCDM_Group-768x512.jpg 768w, https:\/\/staging.qcdm.net\/wp-content\/uploads\/2025\/09\/WCDM_Group-1536x1024.jpg 1536w, https:\/\/staging.qcdm.net\/wp-content\/uploads\/2025\/09\/WCDM_Group-100x67.jpg 100w, https:\/\/staging.qcdm.net\/wp-content\/uploads\/2025\/09\/WCDM_Group-150x100.jpg 150w, https:\/\/staging.qcdm.net\/wp-content\/uploads\/2025\/09\/WCDM_Group-200x133.jpg 200w, https:\/\/staging.qcdm.net\/wp-content\/uploads\/2025\/09\/WCDM_Group-450x300.jpg 450w, https:\/\/staging.qcdm.net\/wp-content\/uploads\/2025\/09\/WCDM_Group-600x400.jpg 600w, https:\/\/staging.qcdm.net\/wp-content\/uploads\/2025\/09\/WCDM_Group-900x600.jpg 900w, https:\/\/staging.qcdm.net\/wp-content\/uploads\/2025\/09\/WCDM_Group.jpg 2048w\" sizes=\"auto, (max-width: 1024px) 100vw, 1024px\" \/><\/figure><\/div><div class=\"responsive-block-editor-addons-gallery--item\"><figure class=\"responsive-block-editor-addons-gallery--figure has-margin-left-10 has-margin-right-10\"><img loading=\"lazy\" decoding=\"async\" width=\"1024\" height=\"683\" src=\"https:\/\/staging.qcdm.net\/wp-content\/uploads\/2025\/09\/QCDM_Cool-1024x683.jpg\" alt=\"\" data-id=\"156\" data-link=\"https:\/\/staging.qcdm.net\/qcdm_cool\/\" class=\"wp-image-156\" srcset=\"https:\/\/staging.qcdm.net\/wp-content\/uploads\/2025\/09\/QCDM_Cool-1024x683.jpg 1024w, https:\/\/staging.qcdm.net\/wp-content\/uploads\/2025\/09\/QCDM_Cool-300x200.jpg 300w, https:\/\/staging.qcdm.net\/wp-content\/uploads\/2025\/09\/QCDM_Cool-768x512.jpg 768w, https:\/\/staging.qcdm.net\/wp-content\/uploads\/2025\/09\/QCDM_Cool-1536x1024.jpg 1536w, https:\/\/staging.qcdm.net\/wp-content\/uploads\/2025\/09\/QCDM_Cool-100x67.jpg 100w, https:\/\/staging.qcdm.net\/wp-content\/uploads\/2025\/09\/QCDM_Cool-150x100.jpg 150w, https:\/\/staging.qcdm.net\/wp-content\/uploads\/2025\/09\/QCDM_Cool-200x133.jpg 200w, https:\/\/staging.qcdm.net\/wp-content\/uploads\/2025\/09\/QCDM_Cool-450x300.jpg 450w, https:\/\/staging.qcdm.net\/wp-content\/uploads\/2025\/09\/QCDM_Cool-600x400.jpg 600w, https:\/\/staging.qcdm.net\/wp-content\/uploads\/2025\/09\/QCDM_Cool-900x600.jpg 900w, https:\/\/staging.qcdm.net\/wp-content\/uploads\/2025\/09\/QCDM_Cool.jpg 2048w\" sizes=\"auto, (max-width: 1024px) 100vw, 1024px\" \/><\/figure><\/div><div class=\"responsive-block-editor-addons-gallery--item\"><figure class=\"responsive-block-editor-addons-gallery--figure has-margin-left-10 has-margin-right-10\"><img loading=\"lazy\" decoding=\"async\" width=\"1024\" height=\"683\" src=\"https:\/\/staging.qcdm.net\/wp-content\/uploads\/2025\/09\/QCDM_Strange-1024x683.jpg\" alt=\"\" data-id=\"155\" data-link=\"https:\/\/staging.qcdm.net\/qcdm_strange\/\" class=\"wp-image-155\" srcset=\"https:\/\/staging.qcdm.net\/wp-content\/uploads\/2025\/09\/QCDM_Strange-1024x683.jpg 1024w, https:\/\/staging.qcdm.net\/wp-content\/uploads\/2025\/09\/QCDM_Strange-300x200.jpg 300w, https:\/\/staging.qcdm.net\/wp-content\/uploads\/2025\/09\/QCDM_Strange-768x512.jpg 768w, https:\/\/staging.qcdm.net\/wp-content\/uploads\/2025\/09\/QCDM_Strange-1536x1024.jpg 1536w, https:\/\/staging.qcdm.net\/wp-content\/uploads\/2025\/09\/QCDM_Strange-100x67.jpg 100w, https:\/\/staging.qcdm.net\/wp-content\/uploads\/2025\/09\/QCDM_Strange-150x100.jpg 150w, https:\/\/staging.qcdm.net\/wp-content\/uploads\/2025\/09\/QCDM_Strange-200x133.jpg 200w, https:\/\/staging.qcdm.net\/wp-content\/uploads\/2025\/09\/QCDM_Strange-450x300.jpg 450w, https:\/\/staging.qcdm.net\/wp-content\/uploads\/2025\/09\/QCDM_Strange-600x400.jpg 600w, https:\/\/staging.qcdm.net\/wp-content\/uploads\/2025\/09\/QCDM_Strange-900x600.jpg 900w, https:\/\/staging.qcdm.net\/wp-content\/uploads\/2025\/09\/QCDM_Strange.jpg 2048w\" sizes=\"auto, (max-width: 1024px) 100vw, 1024px\" \/><\/figure><\/div><\/div><div class=\"carousel-nav has-margin-top-10 has-negative-margin-left-10 has-negative-margin-right-10\" data-flickity=\"{&quot;asNavFor&quot;:&quot;.has-carousel&quot;,&quot;autoPlay&quot;:false,&quot;contain&quot;:true,&quot;cellAlign&quot;:&quot;left&quot;,&quot;pageDots&quot;:false,&quot;thumbnails&quot;:false,&quot;draggable&quot;:true,&quot;prevNextButtons&quot;:false,&quot;wrapAround&quot;:false}\"><div class=\"responsive-block-editor-addons--item-thumbnail\"><figure class=\"responsive-block-editor-addons--figure has-margin-left-10 has-margin-right-10\"><img decoding=\"async\" src=\"https:\/\/staging.qcdm.net\/wp-content\/uploads\/2025\/09\/QCDM_Merci-1024x683.jpg\" alt=\"\" data-id=\"161\" data-link=\"https:\/\/staging.qcdm.net\/qcdm_merci\/\"\/><\/figure><\/div><div class=\"responsive-block-editor-addons--item-thumbnail\"><figure class=\"responsive-block-editor-addons--figure has-margin-left-10 has-margin-right-10\"><img decoding=\"async\" src=\"https:\/\/staging.qcdm.net\/wp-content\/uploads\/2025\/09\/QCDM_Cook-1024x683.jpg\" alt=\"\" data-id=\"160\" data-link=\"https:\/\/staging.qcdm.net\/qcdm_cook\/\"\/><\/figure><\/div><div class=\"responsive-block-editor-addons--item-thumbnail\"><figure class=\"responsive-block-editor-addons--figure has-margin-left-10 has-margin-right-10\"><img decoding=\"async\" src=\"https:\/\/staging.qcdm.net\/wp-content\/uploads\/2025\/09\/QCDM_Singer-1024x683.jpg\" alt=\"\" data-id=\"159\" data-link=\"https:\/\/staging.qcdm.net\/qcdm_singer\/\"\/><\/figure><\/div><div class=\"responsive-block-editor-addons--item-thumbnail\"><figure class=\"responsive-block-editor-addons--figure has-margin-left-10 has-margin-right-10\"><img decoding=\"async\" src=\"https:\/\/staging.qcdm.net\/wp-content\/uploads\/2025\/09\/QCDM_Live-1024x683.jpg\" alt=\"\" data-id=\"296\" data-link=\"https:\/\/staging.qcdm.net\/index.php\/a-venir\/qcdm_live\/\"\/><\/figure><\/div><div class=\"responsive-block-editor-addons--item-thumbnail\"><figure class=\"responsive-block-editor-addons--figure has-margin-left-10 has-margin-right-10\"><img decoding=\"async\" src=\"https:\/\/staging.qcdm.net\/wp-content\/uploads\/2025\/09\/QCDM_Singer1-1024x683.jpg\" alt=\"\" data-id=\"158\" data-link=\"https:\/\/staging.qcdm.net\/qcdm_singer1\/\"\/><\/figure><\/div><div class=\"responsive-block-editor-addons--item-thumbnail\"><figure class=\"responsive-block-editor-addons--figure has-margin-left-10 has-margin-right-10\"><img decoding=\"async\" src=\"https:\/\/staging.qcdm.net\/wp-content\/uploads\/2025\/09\/QCDM_Show-1024x683.jpg\" alt=\"\" data-id=\"157\" data-link=\"https:\/\/staging.qcdm.net\/qcdm_show\/\"\/><\/figure><\/div><div class=\"responsive-block-editor-addons--item-thumbnail\"><figure class=\"responsive-block-editor-addons--figure has-margin-left-10 has-margin-right-10\"><img decoding=\"async\" src=\"https:\/\/staging.qcdm.net\/wp-content\/uploads\/2025\/09\/WCDM_Group-1024x683.jpg\" alt=\"\" data-id=\"297\" data-link=\"https:\/\/staging.qcdm.net\/index.php\/a-venir\/wcdm_group\/\"\/><\/figure><\/div><div class=\"responsive-block-editor-addons--item-thumbnail\"><figure class=\"responsive-block-editor-addons--figure has-margin-left-10 has-margin-right-10\"><img decoding=\"async\" src=\"https:\/\/staging.qcdm.net\/wp-content\/uploads\/2025\/09\/QCDM_Cool-1024x683.jpg\" alt=\"\" data-id=\"156\" data-link=\"https:\/\/staging.qcdm.net\/qcdm_cool\/\"\/><\/figure><\/div><div class=\"responsive-block-editor-addons--item-thumbnail\"><figure class=\"responsive-block-editor-addons--figure has-margin-left-10 has-margin-right-10\"><img decoding=\"async\" src=\"https:\/\/staging.qcdm.net\/wp-content\/uploads\/2025\/09\/QCDM_Strange-1024x683.jpg\" alt=\"\" data-id=\"155\" data-link=\"https:\/\/staging.qcdm.net\/qcdm_strange\/\"\/><\/figure><\/div><\/div><\/div><figcaption class=\"responsive-block-editor-addons-gallery--caption responsive-block-editor-addons-gallery--primary-caption\">\u00a9Ondes Chocs &#8211; Webzine Metal<\/figcaption><\/div>\n\n\n\n<p>C&rsquo;est un wrap (au poulet) !!! Encore une fois ch\u00e8res amis, \u00e0 grand coups de sueur, de sourires et de bonnes gorg\u00e9s, vous avez d\u00e9montr\u00e9 toute la valeur et la force de la&nbsp;sc\u00e8ne DM qu\u00e9b\u00e9coise accompagn\u00e9s de nos fr\u00e8res et soeurs venus des autres contr\u00e9s \u00e9loign\u00e9s. Cette fraternit\u00e9 est indestructible!&nbsp;<img loading=\"lazy\" decoding=\"async\" height=\"16\" width=\"16\" src=\"https:\/\/static.xx.fbcdn.net\/images\/emoji.php\/v9\/t6c\/1\/16\/1f4aa.png\" alt=\"\ud83d\udcaa\"><\/p>\n\n\n\n<p>Toute l&rsquo;\u00e9quipe du&nbsp;<a href=\"https:\/\/www.facebook.com\/events\/491541400593785\/?__cft__[0]=AZWTNJ9KWAmptbJtbqD64ldlu6790B_t_HG-AvAiq_hzxOOAH1QDdvYJoiEwYv0C6dw3pUeBk1-43Epsns4nLlnWArVc-SR_miroptnL7ZLZ2bjfORb2f8dExLnf4-utZNWncjozNO5m_rjDRqBlMgqTWiPTFcccWDq15-B5e-N84d3R7QHpaJCDAgbMIS_mQck&amp;__tn__=-UK-R\" target=\"_blank\" rel=\"noreferrer noopener\">QCDM BBQ VI<\/a>&nbsp;et de&nbsp;<a href=\"https:\/\/www.facebook.com\/microbrasserienouvellefrance?__cft__[0]=AZWTNJ9KWAmptbJtbqD64ldlu6790B_t_HG-AvAiq_hzxOOAH1QDdvYJoiEwYv0C6dw3pUeBk1-43Epsns4nLlnWArVc-SR_miroptnL7ZLZ2bjfORb2f8dExLnf4-utZNWncjozNO5m_rjDRqBlMgqTWiPTFcccWDq15-B5e-N84d3R7QHpaJCDAgbMIS_mQck&amp;__tn__=-]K-R\" target=\"_blank\" rel=\"noreferrer noopener\">Microbrasserie Nouvelle France<\/a>&nbsp;vous dit MERCI et on se revoit bient\u00f4t!&nbsp;<img loading=\"lazy\" decoding=\"async\" height=\"16\" width=\"16\" src=\"https:\/\/static.xx.fbcdn.net\/images\/emoji.php\/v9\/te3\/1\/16\/1f91c.png\" alt=\"\ud83e\udd1c\"><img loading=\"lazy\" decoding=\"async\" height=\"16\" width=\"16\" src=\"https:\/\/static.xx.fbcdn.net\/images\/emoji.php\/v9\/t62\/1\/16\/1f91b.png\" alt=\"\ud83e\udd1b\"><\/p>\n\n\n<div class=\"wp-block-image\">\n<figure class=\"aligncenter size-full\"><img loading=\"lazy\" decoding=\"async\" width=\"1366\" height=\"2048\" src=\"https:\/\/staging.qcdm.net\/wp-content\/uploads\/2025\/08\/Affiche-QCDM-BBQ-2025.jpg\" alt=\"\" class=\"wp-image-48\" srcset=\"https:\/\/staging.qcdm.net\/wp-content\/uploads\/2025\/08\/Affiche-QCDM-BBQ-2025.jpg 1366w, https:\/\/staging.qcdm.net\/wp-content\/uploads\/2025\/08\/Affiche-QCDM-BBQ-2025-200x300.jpg 200w, https:\/\/staging.qcdm.net\/wp-content\/uploads\/2025\/08\/Affiche-QCDM-BBQ-2025-683x1024.jpg 683w, https:\/\/staging.qcdm.net\/wp-content\/uploads\/2025\/08\/Affiche-QCDM-BBQ-2025-768x1151.jpg 768w, https:\/\/staging.qcdm.net\/wp-content\/uploads\/2025\/08\/Affiche-QCDM-BBQ-2025-1025x1536.jpg 1025w\" sizes=\"auto, (max-width: 1366px) 100vw, 1366px\" \/><\/figure>\n<\/div>","protected":false},"excerpt":{"rendered":"<p>Retour sur le QCDM BBQ VI C&rsquo;est un wrap (au poulet) !!! Encore une fois ch\u00e8res amis, \u00e0 grand coups de sueur, de sourires et de bonnes gorg\u00e9s, vous avez d\u00e9montr\u00e9 toute la valeur et la force de la&nbsp;sc\u00e8ne DM &hellip;<\/p>\n<p class=\"read-more\"> <a class=\"more-link\" href=\"https:\/\/staging.qcdm.net\/\"> <span class=\"screen-reader-text\">Pr\u00e9sentation des \u00e9v\u00e9nements<\/span> En savoir plus &raquo;<\/a><\/p>\n","protected":false},"author":2,"featured_media":0,"parent":0,"menu_order":0,"comment_status":"closed","ping_status":"closed","template":"","meta":{"footnotes":""},"class_list":["post-49","page","type-page","status-publish","hentry"],"featured_image_src":"","featured_image_src_square":false,"rbea_author_info":{"display_name":"Sabrina Turgeon-Savoie","author_link":"https:\/\/staging.qcdm.net\/index.php\/author\/admin_sts\/"},"rbea_excerpt_info":"Retour sur le QCDM BBQ VI C&rsquo;est un wrap (au poulet) !!! Encore une fois ch\u00e8res amis, \u00e0 grand coups de sueur, de sourires et de bonnes gorg\u00e9s, vous avez d\u00e9montr\u00e9 toute la valeur et la force de la&nbsp;sc\u00e8ne DM &hellip;<p class=\"read-more\"> <a class=\"more-link\" href=\"https:\/\/staging.qcdm.net\/\"> <span class=\"screen-reader-text\">Pr\u00e9sentation des \u00e9v\u00e9nements<\/span> En savoir plus &raquo;<\/a><\/p>","_links":{"self":[{"href":"https:\/\/staging.qcdm.net\/index.php\/wp-json\/wp\/v2\/pages\/49","targetHints":{"allow":["GET"]}}],"collection":[{"href":"https:\/\/staging.qcdm.net\/index.php\/wp-json\/wp\/v2\/pages"}],"about":[{"href":"https:\/\/staging.qcdm.net\/index.php\/wp-json\/wp\/v2\/types\/page"}],"author":[{"embeddable":true,"href":"https:\/\/staging.qcdm.net\/index.php\/wp-json\/wp\/v2\/users\/2"}],"replies":[{"embeddable":true,"href":"https:\/\/staging.qcdm.net\/index.php\/wp-json\/wp\/v2\/comments?post=49"}],"version-history":[{"count":93,"href":"https:\/\/staging.qcdm.net\/index.php\/wp-json\/wp\/v2\/pages\/49\/revisions"}],"predecessor-version":[{"id":483,"href":"https:\/\/staging.qcdm.net\/index.php\/wp-json\/wp\/v2\/pages\/49\/revisions\/483"}],"wp:attachment":[{"href":"https:\/\/staging.qcdm.net\/index.php\/wp-json\/wp\/v2\/media?parent=49"}],"curies":[{"name":"wp","href":"https:\/\/api.w.org\/{rel}","templated":true}]}}