{"id":450,"date":"2025-10-31T20:09:16","date_gmt":"2025-11-01T00:09:16","guid":{"rendered":"https:\/\/staging.qcdm.net\/?page_id=450"},"modified":"2026-01-23T17:33:23","modified_gmt":"2026-01-23T22:33:23","slug":"qcdm-bbq-vi","status":"publish","type":"page","link":"https:\/\/staging.qcdm.net\/index.php\/qcdm-bbq-vi\/","title":{"rendered":"QCDM BBQ VII &#8211; Inscriptions"},"content":{"rendered":"\n<p>Vous pouvez nous soumettre la candidature de votre groupe pour faire partie d&rsquo;un prochain \u00e9v\u00e9nement QCDM en remplissant le formulaire ci-dessous.<br>Veuillez nous fournir le plus d&rsquo;information pertinente possible.<\/p>\n\n\n\n<div class=\"wp-block-responsive-block-editor-addons-form responsive-block-editor-addons-block-form block-d169ff91-1de4-4b0e-a38f-19819fbce8d0\"><form class=\"responsive-block-editor-addons-form__form\" id=\"rba-form-d169ff91-1de4-4b0e-a38f-19819fbce8d0\" data-email-to=\"nadeau.ghislain@gmail.com\" data-subject=\"TEST\">\n<div class=\"wp-block-responsive-block-editor-addons-form-input responsive-block-editor-addons-block-form-input block-c64b5af4-f41c-4b61-80b3-cb2f8229ea2a\"><div class=\"responsive-block-editor-addons-form-input\"><label for=\"rba-form-input-c64b5af4-f41c-4b61-80b3-cb2f8229ea2a\" class=\"responsive-block-editor-addons-form-input-label\"><span class=\"responsive-block-editor-addons-form-input__label\">Nom du Groupe<\/span><span class=\"responsive-block-editor-addons-form-input__required\">*<\/span><\/label><input class=\"responsive-block-editor-addons-form-input__input responsive-block-editor-addons-form-input__text\" type=\"text\" name=\"rba-form-input-c64b5af4-f41c-4b61-80b3-cb2f8229ea2a\" id=\"rba-form-input-c64b5af4-f41c-4b61-80b3-cb2f8229ea2a\" placeholder=\"\" required value=\"\"\/><\/div><\/div>\n\n\n\n<div class=\"wp-block-responsive-block-editor-addons-form-input responsive-block-editor-addons-block-form-input block-e1412ea2-8b79-47ac-8666-e91a38393aba\"><div class=\"responsive-block-editor-addons-form-input\"><label for=\"rba-form-input-e1412ea2-8b79-47ac-8666-e91a38393aba\" class=\"responsive-block-editor-addons-form-input-label\"><span class=\"responsive-block-editor-addons-form-input__label\">Pr\u00e9nom et Nom de la personne ressource<\/span><span class=\"responsive-block-editor-addons-form-input__required\">*<\/span><\/label><input class=\"responsive-block-editor-addons-form-input__input responsive-block-editor-addons-form-input__text\" type=\"text\" name=\"rba-form-input-e1412ea2-8b79-47ac-8666-e91a38393aba\" id=\"rba-form-input-e1412ea2-8b79-47ac-8666-e91a38393aba\" placeholder=\"\" required value=\"\"\/><\/div><\/div>\n\n\n\n<div class=\"wp-block-responsive-block-editor-addons-form-input responsive-block-editor-addons-block-form-input block-d7dc9aad-6fa0-4101-a1dc-309be560b620\"><div class=\"responsive-block-editor-addons-form-input\"><label for=\"rba-form-input-d7dc9aad-6fa0-4101-a1dc-309be560b620\" class=\"responsive-block-editor-addons-form-input-label\"><span class=\"responsive-block-editor-addons-form-input__label\">T\u00e9l\u00e9phone<\/span><span class=\"responsive-block-editor-addons-form-input__required\">*<\/span><\/label><input class=\"responsive-block-editor-addons-form-input__input responsive-block-editor-addons-form-input__text\" type=\"text\" name=\"rba-form-input-d7dc9aad-6fa0-4101-a1dc-309be560b620\" id=\"rba-form-input-d7dc9aad-6fa0-4101-a1dc-309be560b620\" placeholder=\"(000) 000-0000\" required value=\"\"\/><\/div><\/div>\n\n\n\n<div class=\"wp-block-responsive-block-editor-addons-form-input responsive-block-editor-addons-block-form-input block-9b4c9a22-cc89-4b98-b905-9e14dc356cc0\"><div class=\"responsive-block-editor-addons-form-input\"><label for=\"rba-form-input-9b4c9a22-cc89-4b98-b905-9e14dc356cc0\" class=\"responsive-block-editor-addons-form-input-label\"><span class=\"responsive-block-editor-addons-form-input__label\">Courriel<\/span><span class=\"responsive-block-editor-addons-form-input__required\">*<\/span><\/label><input class=\"responsive-block-editor-addons-form-input__input responsive-block-editor-addons-form-input__text\" type=\"email\" name=\"rba-form-input-9b4c9a22-cc89-4b98-b905-9e14dc356cc0\" id=\"rba-form-input-9b4c9a22-cc89-4b98-b905-9e14dc356cc0\" placeholder=\"\" required value=\"\"\/><\/div><\/div>\n\n\n\n<div class=\"wp-block-responsive-block-editor-addons-form-input responsive-block-editor-addons-block-form-input block-41449618-31db-4751-90e9-d7da3badf18a\"><div class=\"responsive-block-editor-addons-form-input\"><label for=\"rba-form-input-41449618-31db-4751-90e9-d7da3badf18a\" class=\"responsive-block-editor-addons-form-input-label\"><span class=\"responsive-block-editor-addons-form-input__label\">Cachet envisag\u00e9<\/span><span class=\"responsive-block-editor-addons-form-input__required\">*<\/span><\/label><input class=\"responsive-block-editor-addons-form-input__input responsive-block-editor-addons-form-input__text\" type=\"number\" name=\"rba-form-input-41449618-31db-4751-90e9-d7da3badf18a\" id=\"rba-form-input-41449618-31db-4751-90e9-d7da3badf18a\" placeholder=\"\" required value=\"\"\/><\/div><\/div>\n\n\n\n<div class=\"wp-block-responsive-block-editor-addons-form-input responsive-block-editor-addons-block-form-input block-3673cc21-8d5b-453b-907f-b2ef359a98d5\"><div class=\"responsive-block-editor-addons-form-input\"><label for=\"rba-form-input-3673cc21-8d5b-453b-907f-b2ef359a98d5\" class=\"responsive-block-editor-addons-form-input-label\"><span class=\"responsive-block-editor-addons-form-input__label\">Message<\/span><span class=\"responsive-block-editor-addons-form-input__required\">*<\/span><\/label><textarea rows=\"10\" class=\"responsive-block-editor-addons-form-input__input responsive-block-editor-addons-form-input__textarea\" type=\"textarea\" name=\"rba-form-input-3673cc21-8d5b-453b-907f-b2ef359a98d5\" id=\"rba-form-input-3673cc21-8d5b-453b-907f-b2ef359a98d5\" placeholder=\"\" required defaultvalue=\"\"><\/textarea><\/div><\/div>\n\n\n\n<div class=\"wp-block-responsive-block-editor-addons-form-input responsive-block-editor-addons-block-form-input block-459fa70f-28b5-4be1-80d2-8715a3d496b7\"><div class=\"responsive-block-editor-addons-form-input\"><label for=\"rba-form-input-459fa70f-28b5-4be1-80d2-8715a3d496b7\" class=\"responsive-block-editor-addons-form-input-label\"><span class=\"responsive-block-editor-addons-form-input__label\">Liens (Bandcamp, Site Web, Youtube, Facebook, Instagram, etc.)<\/span><span class=\"responsive-block-editor-addons-form-input__required\">*<\/span><\/label><input class=\"responsive-block-editor-addons-form-input__input responsive-block-editor-addons-form-input__text\" type=\"url\" name=\"rba-form-input-459fa70f-28b5-4be1-80d2-8715a3d496b7\" id=\"rba-form-input-459fa70f-28b5-4be1-80d2-8715a3d496b7\" placeholder=\"\" required value=\"\"\/><\/div><\/div>\n\n\n\n<div class=\"wp-block-responsive-block-editor-addons-form-input responsive-block-editor-addons-block-form-input block-3fbd8eac-979d-4065-a31b-d3a786847212\"><div class=\"responsive-block-editor-addons-form-input\"><input class=\"responsive-block-editor-addons-form-input__input responsive-block-editor-addons-form-input__text\" type=\"url\" name=\"rba-form-input-3fbd8eac-979d-4065-a31b-d3a786847212\" id=\"rba-form-input-3fbd8eac-979d-4065-a31b-d3a786847212\" placeholder=\"\" required value=\"\"\/><\/div><\/div>\n\n\n\n<div class=\"wp-block-responsive-block-editor-addons-form-input responsive-block-editor-addons-block-form-input block-49ed87e2-2c6f-41e1-9444-4fa5d49101a6\"><div class=\"responsive-block-editor-addons-form-input\"><input class=\"responsive-block-editor-addons-form-input__input responsive-block-editor-addons-form-input__text\" type=\"url\" name=\"rba-form-input-49ed87e2-2c6f-41e1-9444-4fa5d49101a6\" id=\"rba-form-input-49ed87e2-2c6f-41e1-9444-4fa5d49101a6\" placeholder=\"\" required value=\"\"\/><\/div><\/div>\n\n\n\n<div class=\"wp-block-responsive-block-editor-addons-form-input responsive-block-editor-addons-block-form-input block-d6838c71-0c6b-469d-8f0b-5a521b922e3e\"><div class=\"responsive-block-editor-addons-form-input\"><input class=\"responsive-block-editor-addons-form-input__input responsive-block-editor-addons-form-input__text\" type=\"url\" name=\"rba-form-input-d6838c71-0c6b-469d-8f0b-5a521b922e3e\" id=\"rba-form-input-d6838c71-0c6b-469d-8f0b-5a521b922e3e\" placeholder=\"\" required value=\"\"\/><\/div><\/div>\n\n\n\n<div class=\"wp-block-responsive-block-editor-addons-form-input responsive-block-editor-addons-block-form-input block-44e0c2f5-4ad5-4f31-abee-612a55039a0d\"><div class=\"responsive-block-editor-addons-form-input\"><input class=\"responsive-block-editor-addons-form-input__input responsive-block-editor-addons-form-input__text\" type=\"url\" name=\"rba-form-input-44e0c2f5-4ad5-4f31-abee-612a55039a0d\" id=\"rba-form-input-44e0c2f5-4ad5-4f31-abee-612a55039a0d\" placeholder=\"\" required value=\"\"\/><\/div><\/div>\n\n\n\n<p class=\"has-extra-small-font-size\">Vous acceptez de recevoir des communications par courrier \u00e9lectronique de notre part en soumettant ce formulaire et comprenez que vos coordonn\u00e9es seront stock\u00e9es chez nous.<\/p>\n<div class=\"responsive-block-editor-addons-form-submit-button-container\"><button class=\"responsive-block-editor-addons-form-submit-button\" data-form-submit=\"rba-form-submit-d169ff91-1de4-4b0e-a38f-19819fbce8d0\" type=\"submit\">Soumettre<\/button><\/div><\/form><div class=\"responsive-block-editor-addons-form-submit-message-wrapper\"><div class=\"responsive-block-editor-addons-form-submit-success-message\">Merci pour votre inscription. Nous communiquerons avec nous si jamais votre candidature est retenue.<\/div><div class=\"responsive-block-editor-addons-form-submit-error-message\">\u00c7a n&rsquo;a pas fonctionn\u00e9. R\u00e9essayez de nouveau.<\/div><\/div><\/div>\n","protected":false},"excerpt":{"rendered":"<p>Vous pouvez nous soumettre la candidature de votre groupe pour faire partie d&rsquo;un prochain \u00e9v\u00e9nement QCDM en remplissant le formulaire ci-dessous.Veuillez nous fournir le plus d&rsquo;information pertinente possible.<\/p>\n","protected":false},"author":1,"featured_media":0,"parent":0,"menu_order":0,"comment_status":"closed","ping_status":"closed","template":"","meta":{"footnotes":""},"class_list":["post-450","page","type-page","status-publish","hentry"],"featured_image_src":"","featured_image_src_square":false,"rbea_author_info":{"display_name":"admin_bbq","author_link":"https:\/\/staging.qcdm.net\/index.php\/author\/admin_bbq\/"},"rbea_excerpt_info":"Vous pouvez nous soumettre la candidature de votre groupe pour faire partie d&rsquo;un prochain \u00e9v\u00e9nement QCDM en remplissant le formulaire ci-dessous.Veuillez nous fournir le plus d&rsquo;information pertinente possible.","_links":{"self":[{"href":"https:\/\/staging.qcdm.net\/index.php\/wp-json\/wp\/v2\/pages\/450","targetHints":{"allow":["GET"]}}],"collection":[{"href":"https:\/\/staging.qcdm.net\/index.php\/wp-json\/wp\/v2\/pages"}],"about":[{"href":"https:\/\/staging.qcdm.net\/index.php\/wp-json\/wp\/v2\/types\/page"}],"author":[{"embeddable":true,"href":"https:\/\/staging.qcdm.net\/index.php\/wp-json\/wp\/v2\/users\/1"}],"replies":[{"embeddable":true,"href":"https:\/\/staging.qcdm.net\/index.php\/wp-json\/wp\/v2\/comments?post=450"}],"version-history":[{"count":12,"href":"https:\/\/staging.qcdm.net\/index.php\/wp-json\/wp\/v2\/pages\/450\/revisions"}],"predecessor-version":[{"id":489,"href":"https:\/\/staging.qcdm.net\/index.php\/wp-json\/wp\/v2\/pages\/450\/revisions\/489"}],"wp:attachment":[{"href":"https:\/\/staging.qcdm.net\/index.php\/wp-json\/wp\/v2\/media?parent=450"}],"curies":[{"name":"wp","href":"https:\/\/api.w.org\/{rel}","templated":true}]}}