{"id":227,"date":"2025-09-06T13:12:18","date_gmt":"2025-09-06T17:12:18","guid":{"rendered":"https:\/\/staging.qcdm.net\/?page_id=227"},"modified":"2025-10-31T19:53:21","modified_gmt":"2025-10-31T23:53:21","slug":"contact","status":"publish","type":"page","link":"https:\/\/staging.qcdm.net\/index.php\/contact\/","title":{"rendered":"Contact"},"content":{"rendered":"\n<div class=\"wp-block-responsive-block-editor-addons-form responsive-block-editor-addons-block-form block-5e9b90ce-a703-4d0f-b79f-85e7a1225581\"><form class=\"responsive-block-editor-addons-form__form\" id=\"rba-form-5e9b90ce-a703-4d0f-b79f-85e7a1225581\" data-email-to=\"info.qcdm@gmail.com\" data-subject=\"Nouveau courriel pour QCDM\">\n<div class=\"wp-block-responsive-block-editor-addons-form-input responsive-block-editor-addons-block-form-input block-f8392270-2d7e-4643-8a8e-826628e7757f\"><div class=\"responsive-block-editor-addons-form-input\"><label for=\"rba-form-input-f8392270-2d7e-4643-8a8e-826628e7757f\" class=\"responsive-block-editor-addons-form-input-label\"><span class=\"responsive-block-editor-addons-form-input__label\">Nom complet<\/span><span class=\"responsive-block-editor-addons-form-input__required\">*<\/span><\/label><input class=\"responsive-block-editor-addons-form-input__input responsive-block-editor-addons-form-input__text\" type=\"text\" name=\"rba-form-input-f8392270-2d7e-4643-8a8e-826628e7757f\" id=\"rba-form-input-f8392270-2d7e-4643-8a8e-826628e7757f\" placeholder=\"Qui \u00eates-vous?\" required value=\"\"\/><\/div><\/div>\n\n\n\n<div class=\"wp-block-responsive-block-editor-addons-form-input responsive-block-editor-addons-block-form-input block-78a4e196-8573-495f-9379-36b48cf29284\"><div class=\"responsive-block-editor-addons-form-input\"><label for=\"rba-form-input-78a4e196-8573-495f-9379-36b48cf29284\" class=\"responsive-block-editor-addons-form-input-label\"><span class=\"responsive-block-editor-addons-form-input__label\">Adresse courriel<\/span><span class=\"responsive-block-editor-addons-form-input__required\">*<\/span><\/label><input class=\"responsive-block-editor-addons-form-input__input responsive-block-editor-addons-form-input__text\" type=\"email\" name=\"rba-form-input-78a4e196-8573-495f-9379-36b48cf29284\" id=\"rba-form-input-78a4e196-8573-495f-9379-36b48cf29284\" placeholder=\"Nous avons besoin de votre adresse courriel pour vous r\u00e9pondre.\" required value=\"\"\/><\/div><\/div>\n\n\n\n<div class=\"wp-block-responsive-block-editor-addons-form-input responsive-block-editor-addons-block-form-input block-525c5e27-f93a-4bdb-ae87-e4f770a80498\"><div class=\"responsive-block-editor-addons-form-input\"><label for=\"rba-form-input-525c5e27-f93a-4bdb-ae87-e4f770a80498\" class=\"responsive-block-editor-addons-form-input-label\"><span class=\"responsive-block-editor-addons-form-input__label\">Message<\/span><span class=\"responsive-block-editor-addons-form-input__required\">*<\/span><\/label><textarea rows=\"10\" class=\"responsive-block-editor-addons-form-input__input responsive-block-editor-addons-form-input__textarea\" type=\"textarea\" name=\"rba-form-input-525c5e27-f93a-4bdb-ae87-e4f770a80498\" id=\"rba-form-input-525c5e27-f93a-4bdb-ae87-e4f770a80498\" placeholder=\"R\u00e9digez votre message ici.\" required defaultvalue=\"\"><\/textarea><\/div><\/div>\n\n\n\n<div class=\"wp-block-columns is-layout-flex wp-container-core-columns-is-layout-9d6595d7 wp-block-columns-is-layout-flex\">\n<div class=\"wp-block-column is-layout-flow wp-block-column-is-layout-flow\"><\/div>\n\n\n\n<div class=\"wp-block-column is-layout-flow wp-block-column-is-layout-flow\" style=\"flex-basis:75%\">\n<p class=\"has-text-align-center has-small-font-size\">Vous acceptez de recevoir des communications par courrier \u00e9lectronique de notre part en soumettant ce formulaire et comprenez que vos coordonn\u00e9es seront stock\u00e9es chez nous.<\/p>\n<\/div>\n\n\n\n<div class=\"wp-block-column is-layout-flow wp-block-column-is-layout-flow\"><\/div>\n<\/div>\n<div class=\"responsive-block-editor-addons-form-submit-button-container\"><button class=\"responsive-block-editor-addons-form-submit-button\" data-form-submit=\"rba-form-submit-5e9b90ce-a703-4d0f-b79f-85e7a1225581\" type=\"submit\">Envoyer<\/button><\/div><\/form><div class=\"responsive-block-editor-addons-form-submit-message-wrapper\"><div class=\"responsive-block-editor-addons-form-submit-success-message\">Merci pour votre message. Nous vous r\u00e9pondrons d\u00e8s que possible.<\/div><div class=\"responsive-block-editor-addons-form-submit-error-message\">\u00c7a n&rsquo;a pas fonctionn\u00e9. R\u00e9essayez de nouveau.<\/div><\/div><\/div>\n","protected":false},"excerpt":{"rendered":"","protected":false},"author":1,"featured_media":0,"parent":0,"menu_order":0,"comment_status":"closed","ping_status":"closed","template":"","meta":{"footnotes":""},"class_list":["post-227","page","type-page","status-publish","hentry"],"featured_image_src":"","featured_image_src_square":false,"rbea_author_info":{"display_name":"admin_bbq","author_link":"https:\/\/staging.qcdm.net\/index.php\/author\/admin_bbq\/"},"rbea_excerpt_info":null,"_links":{"self":[{"href":"https:\/\/staging.qcdm.net\/index.php\/wp-json\/wp\/v2\/pages\/227","targetHints":{"allow":["GET"]}}],"collection":[{"href":"https:\/\/staging.qcdm.net\/index.php\/wp-json\/wp\/v2\/pages"}],"about":[{"href":"https:\/\/staging.qcdm.net\/index.php\/wp-json\/wp\/v2\/types\/page"}],"author":[{"embeddable":true,"href":"https:\/\/staging.qcdm.net\/index.php\/wp-json\/wp\/v2\/users\/1"}],"replies":[{"embeddable":true,"href":"https:\/\/staging.qcdm.net\/index.php\/wp-json\/wp\/v2\/comments?post=227"}],"version-history":[{"count":35,"href":"https:\/\/staging.qcdm.net\/index.php\/wp-json\/wp\/v2\/pages\/227\/revisions"}],"predecessor-version":[{"id":455,"href":"https:\/\/staging.qcdm.net\/index.php\/wp-json\/wp\/v2\/pages\/227\/revisions\/455"}],"wp:attachment":[{"href":"https:\/\/staging.qcdm.net\/index.php\/wp-json\/wp\/v2\/media?parent=227"}],"curies":[{"name":"wp","href":"https:\/\/api.w.org\/{rel}","templated":true}]}}